{"id":681,"date":"2026-01-28T07:14:25","date_gmt":"2026-01-28T07:14:25","guid":{"rendered":"https:\/\/ideasgeneral.com\/?post_type=product&#038;p=681"},"modified":"2026-01-29T08:01:51","modified_gmt":"2026-01-29T08:01:51","slug":"bicycle-20%e2%80%b3-without-gear","status":"publish","type":"product","link":"https:\/\/ideasgeneral.com\/?product=bicycle-20%e2%80%b3-without-gear","title":{"rendered":"Bicycle 20\u2033 without gear"},"content":{"rendered":"<table class=\"spec-table\">\n<caption>\n<h2><strong>Frame &amp; Fork<\/strong><\/h2>\n<\/caption>\n<tbody>\n<tr>\n<td><strong>Frame<\/strong><\/td>\n<td>20&#8243; high carbon steel frame, argon arc welding, 1.2T<\/td>\n<\/tr>\n<tr>\n<td><strong>Fork<\/strong><\/td>\n<td>\u03c628 \u00d7 1.2T<\/td>\n<\/tr>\n<tr>\n<td><strong>Head Parts<\/strong><\/td>\n<td>2 \u00d7 30 \u00d7 27<\/td>\n<\/tr>\n<tr>\n<td><strong>Handlebar &amp; Stem<\/strong><\/td>\n<td>\u03c622.2 \u00d7 1.0T ALLOY 4 POINTS STEM \u03c622.2 \u00d7 150 \u00d7 1.2T<\/td>\n<\/tr>\n<\/tbody>\n<\/table>\n<p><!-- Brakes --><\/p>\n<table class=\"spec-table\">\n<caption>\n<h2><strong>Brakes<\/strong><\/h2>\n<\/caption>\n<tbody>\n<tr>\n<td><strong>Caliper Brake<\/strong><\/td>\n<td>81 Type, 2.5MM thickness<\/td>\n<\/tr>\n<\/tbody>\n<\/table>\n<p><!-- Drivetrain --><\/p>\n<table class=\"spec-table\">\n<caption>\n<h2><strong>Drivetrain<\/strong><\/h2>\n<\/caption>\n<tbody>\n<tr>\n<td><strong>Axle<\/strong><\/td>\n<td>D type, 5S<\/td>\n<\/tr>\n<tr>\n<td><strong>Chainwheel &amp; Crank<\/strong><\/td>\n<td>32T \u00d7 127mm<\/td>\n<\/tr>\n<tr>\n<td><strong>Pedal<\/strong><\/td>\n<td>With ball, with reflector<\/td>\n<\/tr>\n<\/tbody>\n<\/table>\n<p><!-- Wheels & Accessories --><\/p>\n<table class=\"spec-table\">\n<caption>\n<h2><strong>Wheels &amp; Accessories<\/strong><\/h2>\n<\/caption>\n<tbody>\n<tr>\n<td><strong>Rim<\/strong><\/td>\n<td>Steel 20# \u00d7 14G \u00d7 36H<\/td>\n<\/tr>\n<tr>\n<td><strong>Tyre<\/strong><\/td>\n<td>Wandaking P104S 20 \u00d7 2.125<\/td>\n<\/tr>\n<tr>\n<td><strong>Tube<\/strong><\/td>\n<td>Wanda butyl inner tube 20 \u00d7 2.125<\/td>\n<\/tr>\n<tr>\n<td><strong>Training Wheel<\/strong><\/td>\n<td>White leg, T: 3.5mm<\/td>\n<\/tr>\n<\/tbody>\n<\/table>\n<p>&nbsp;<\/p>\n","protected":false},"excerpt":{"rendered":"<p>Frame &amp; Fork Frame 20&#8243; high carbon steel frame, argon arc welding, 1.2T Fork \u03c628 \u00d7 1.2T Head Parts 2 \u00d7 30 \u00d7 27 Handlebar &amp; Stem \u03c622.2 \u00d7 1.0T ALLOY 4 POINTS STEM \u03c622.2 \u00d7 150 \u00d7 1.2T Brakes Caliper Brake 81 Type, 2.5MM thickness Drivetrain Axle D type, 5S Chainwheel &amp; Crank 32T [&hellip;]<\/p>\n","protected":false},"featured_media":682,"template":"","meta":{"_crdt_document":""},"product_brand":[],"product_cat":[59],"product_tag":[],"class_list":{"0":"post-681","1":"product","2":"type-product","3":"status-publish","4":"has-post-thumbnail","6":"product_cat-bicycle","8":"first","9":"instock","10":"shipping-taxable","11":"purchasable","12":"product-type-simple"},"_links":{"self":[{"href":"https:\/\/ideasgeneral.com\/index.php?rest_route=\/wp\/v2\/product\/681","targetHints":{"allow":["GET"]}}],"collection":[{"href":"https:\/\/ideasgeneral.com\/index.php?rest_route=\/wp\/v2\/product"}],"about":[{"href":"https:\/\/ideasgeneral.com\/index.php?rest_route=\/wp\/v2\/types\/product"}],"wp:featuredmedia":[{"embeddable":true,"href":"https:\/\/ideasgeneral.com\/index.php?rest_route=\/wp\/v2\/media\/682"}],"wp:attachment":[{"href":"https:\/\/ideasgeneral.com\/index.php?rest_route=%2Fwp%2Fv2%2Fmedia&parent=681"}],"wp:term":[{"taxonomy":"product_brand","embeddable":true,"href":"https:\/\/ideasgeneral.com\/index.php?rest_route=%2Fwp%2Fv2%2Fproduct_brand&post=681"},{"taxonomy":"product_cat","embeddable":true,"href":"https:\/\/ideasgeneral.com\/index.php?rest_route=%2Fwp%2Fv2%2Fproduct_cat&post=681"},{"taxonomy":"product_tag","embeddable":true,"href":"https:\/\/ideasgeneral.com\/index.php?rest_route=%2Fwp%2Fv2%2Fproduct_tag&post=681"}],"curies":[{"name":"wp","href":"https:\/\/api.w.org\/{rel}","templated":true}]}}