{"id":777,"date":"2026-01-28T11:07:49","date_gmt":"2026-01-28T11:07:49","guid":{"rendered":"https:\/\/ideasgeneral.com\/?post_type=product&#038;p=777"},"modified":"2026-01-31T05:21:23","modified_gmt":"2026-01-31T05:21:23","slug":"bicycle-20-tnb04","status":"publish","type":"product","link":"https:\/\/ideasgeneral.com\/?product=bicycle-20-tnb04","title":{"rendered":"Bicycle 20\u2019\u2019 TNB04"},"content":{"rendered":"<p>&nbsp;<\/p>\n<table class=\"spec-table\">\n<caption>\n<h2>Frame &amp; Stem<\/h2>\n<\/caption>\n<tbody>\n<tr>\n<td><strong>Frame<\/strong><\/td>\n<td>Steel, 20&#8243;, Disc brake internal cable routing, Front TIG welding, Rear CO2 welding<\/td>\n<\/tr>\n<tr>\n<td><strong>Front fork<\/strong><\/td>\n<td>Steel<\/td>\n<\/tr>\n<tr>\n<td><strong>Stem<\/strong><\/td>\n<td>28.6 \u00d7 31.8 \u00d7 E53 \u00d7 H37 \u00d7 7\u00b0<\/td>\n<\/tr>\n<\/tbody>\n<\/table>\n<p><!-- Brake System --><\/p>\n<table class=\"spec-table\">\n<caption>\n<h2>Brake System<\/h2>\n<\/caption>\n<tbody>\n<tr>\n<td><strong>Brake lever<\/strong><\/td>\n<td>Plastic, \u03a622.2mm, 2.5 finger, with adjust screw<\/td>\n<\/tr>\n<tr>\n<td><strong>Front brake<\/strong><\/td>\n<td>Mechanical disc brake front 160\/140<\/td>\n<\/tr>\n<tr>\n<td><strong>Rear brake<\/strong><\/td>\n<td>Mechanical disc brake rear 160\/140<\/td>\n<\/tr>\n<\/tbody>\n<\/table>\n<p><!-- Drive System --><\/p>\n<table class=\"spec-table\">\n<caption>\n<h2>Drive System<\/h2>\n<\/caption>\n<tbody>\n<tr>\n<td><strong>Chainwheel \/ Crank<\/strong><\/td>\n<td>1\/2 \u00d7 1\/8 \u00d7 32T \u00d7 140L, cotterless, 9\/16&#8243; Internal thread<\/td>\n<\/tr>\n<tr>\n<td><strong>BB set<\/strong><\/td>\n<td>Sealed BB with bearing length 113L, thread match the 68L BB<\/td>\n<\/tr>\n<tr>\n<td><strong>Flywheel<\/strong><\/td>\n<td>1\/2&#8243; \u00d7 1\/8&#8243; \u00d7 16T, one speed, full ball<\/td>\n<\/tr>\n<tr>\n<td><strong>Pedal<\/strong><\/td>\n<td>9\/16&#8243; without ball, reflector with Emark certificate<\/td>\n<\/tr>\n<\/tbody>\n<\/table>\n<p><!-- Wheels & Tires --><\/p>\n<table class=\"spec-table\">\n<caption>\n<h2>Wheels &amp; Tires<\/h2>\n<\/caption>\n<tbody>\n<tr>\n<td><strong>Rim<\/strong><\/td>\n<td>14G \u00d7 28H, A\/V, 310g<\/td>\n<\/tr>\n<tr>\n<td><strong>Tire<\/strong><\/td>\n<td>ZT-0213 20&#8243; \u00d7 2.35<\/td>\n<\/tr>\n<tr>\n<td><strong>Inner tube<\/strong><\/td>\n<td>20&#8243; \u00d7 2.125, A\/V<\/td>\n<\/tr>\n<\/tbody>\n<\/table>\n<p>&nbsp;<\/p>\n","protected":false},"excerpt":{"rendered":"<p>&nbsp; Frame &amp; Stem Frame Steel, 20&#8243;, Disc brake internal cable routing, Front TIG welding, Rear CO2 welding Front fork Steel Stem 28.6 \u00d7 31.8 \u00d7 E53 \u00d7 H37 \u00d7 7\u00b0 Brake System Brake lever Plastic, \u03a622.2mm, 2.5 finger, with adjust screw Front brake Mechanical disc brake front 160\/140 Rear brake Mechanical disc brake rear [&hellip;]<\/p>\n","protected":false},"featured_media":966,"template":"","meta":{"_crdt_document":""},"product_brand":[],"product_cat":[59],"product_tag":[],"class_list":{"0":"post-777","1":"product","2":"type-product","3":"status-publish","4":"has-post-thumbnail","6":"product_cat-bicycle","8":"first","9":"instock","10":"shipping-taxable","11":"purchasable","12":"product-type-simple"},"_links":{"self":[{"href":"https:\/\/ideasgeneral.com\/index.php?rest_route=\/wp\/v2\/product\/777","targetHints":{"allow":["GET"]}}],"collection":[{"href":"https:\/\/ideasgeneral.com\/index.php?rest_route=\/wp\/v2\/product"}],"about":[{"href":"https:\/\/ideasgeneral.com\/index.php?rest_route=\/wp\/v2\/types\/product"}],"wp:featuredmedia":[{"embeddable":true,"href":"https:\/\/ideasgeneral.com\/index.php?rest_route=\/wp\/v2\/media\/966"}],"wp:attachment":[{"href":"https:\/\/ideasgeneral.com\/index.php?rest_route=%2Fwp%2Fv2%2Fmedia&parent=777"}],"wp:term":[{"taxonomy":"product_brand","embeddable":true,"href":"https:\/\/ideasgeneral.com\/index.php?rest_route=%2Fwp%2Fv2%2Fproduct_brand&post=777"},{"taxonomy":"product_cat","embeddable":true,"href":"https:\/\/ideasgeneral.com\/index.php?rest_route=%2Fwp%2Fv2%2Fproduct_cat&post=777"},{"taxonomy":"product_tag","embeddable":true,"href":"https:\/\/ideasgeneral.com\/index.php?rest_route=%2Fwp%2Fv2%2Fproduct_tag&post=777"}],"curies":[{"name":"wp","href":"https:\/\/api.w.org\/{rel}","templated":true}]}}